{"id":53,"date":"2009-03-04T22:34:43","date_gmt":"2009-03-04T21:34:43","guid":{"rendered":"http:\/\/localhost\/work\/admin\/wordpress27\/?page_id=53"},"modified":"2018-12-17T21:22:52","modified_gmt":"2018-12-17T19:22:52","slug":"start","status":"publish","type":"page","link":"http:\/\/www.dj-catrin.de\/","title":{"rendered":"Start"},"content":{"rendered":"<h2>Hallo, liebe Musikfans!<\/h2>\n<p><strong>DJ`ane Catrin ist in K\u00f6ln und Umland als DJ`ane f\u00fcr gut tanzbare Musik im Bereich 70`er Jahre bis hin zu aktuellen Charts bekannt.<\/strong><\/p>\n<p>Und f\u00fcr alle die mich noch nicht kennen:<\/p>\n<ul>\n<li>Mein Name ist Catrin G\u00f6ddertz und ich lebe und arbeite in der N\u00e4he von K\u00f6ln.<\/li>\n<li>Musik ist meine Leidenschaft!<\/li>\n<\/ul>\n<p>Wo findet man mich?<\/p>\n<ul>\n<li>Private Partys und Events in K\u00f6ln und Umgebung.<\/li>\n<li>Benefiz Partys sind das Beste <span style=\"color: #ff0000;\"><br><\/span><\/li>\n<\/ul>\n<p>An bestimmten Terminen im Monat findet im B\u00fcrgerzentrum in K\u00f6ln Ehrenfeld meine eigene Veranstaltung DANCE UP statt. (Frauendisco)<\/p>\n<p>Habt Ihr ein Event wo Musik mit Leidenschaft gefragt ist, dann mailt mich doch bitte \u00fcber das <a href=\"http:\/\/www.dj-catrin.de\/?page_id=71\">Kontaktformular<\/a> an.<\/p>\n<p><strong style=\"display: block; clear: left; padding-top: 2em;\">Viel Spa\u00df, auf meiner Homepage!<\/strong><\/p>\n<p>Eure<\/p>\n<h3><em>Catrin<\/em><\/h3>\n\n\n<figure class=\"wp-block-image\"><img loading=\"lazy\" decoding=\"async\" width=\"150\" height=\"150\" src=\"http:\/\/www.dj-catrin.de\/wp-content\/uploads\/2018\/12\/IMG_1186-e1545066627970-150x150.jpg\" alt=\"\" class=\"wp-image-812\"\/><\/figure>\n","protected":false},"excerpt":{"rendered":"<p>Hallo, liebe Musikfans! DJ`ane Catrin ist in K\u00f6ln und Umland als DJ`ane f\u00fcr gut tanzbare Musik im Bereich 70`er Jahre bis hin zu aktuellen Charts bekannt. Und f\u00fcr alle die mich noch nicht kennen: Mein Name ist Catrin G\u00f6ddertz und ich lebe und arbeite in der N\u00e4he von K\u00f6ln. Musik ist meine Leidenschaft! Wo findet [&hellip;]<\/p>\n","protected":false},"author":2,"featured_media":0,"parent":0,"menu_order":0,"comment_status":"closed","ping_status":"open","template":"","meta":{"ngg_post_thumbnail":0,"footnotes":""},"class_list":["post-53","page","type-page","status-publish","hentry"],"_links":{"self":[{"href":"http:\/\/www.dj-catrin.de\/index.php?rest_route=\/wp\/v2\/pages\/53","targetHints":{"allow":["GET"]}}],"collection":[{"href":"http:\/\/www.dj-catrin.de\/index.php?rest_route=\/wp\/v2\/pages"}],"about":[{"href":"http:\/\/www.dj-catrin.de\/index.php?rest_route=\/wp\/v2\/types\/page"}],"author":[{"embeddable":true,"href":"http:\/\/www.dj-catrin.de\/index.php?rest_route=\/wp\/v2\/users\/2"}],"replies":[{"embeddable":true,"href":"http:\/\/www.dj-catrin.de\/index.php?rest_route=%2Fwp%2Fv2%2Fcomments&post=53"}],"version-history":[{"count":13,"href":"http:\/\/www.dj-catrin.de\/index.php?rest_route=\/wp\/v2\/pages\/53\/revisions"}],"predecessor-version":[{"id":857,"href":"http:\/\/www.dj-catrin.de\/index.php?rest_route=\/wp\/v2\/pages\/53\/revisions\/857"}],"wp:attachment":[{"href":"http:\/\/www.dj-catrin.de\/index.php?rest_route=%2Fwp%2Fv2%2Fmedia&parent=53"}],"curies":[{"name":"wp","href":"https:\/\/api.w.org\/{rel}","templated":true}]}}