{"id":137,"date":"2009-03-07T13:10:13","date_gmt":"2009-03-07T12:10:13","guid":{"rendered":"http:\/\/localhost\/work\/admin\/wordpress27\/?page_id=137"},"modified":"2025-06-05T22:09:17","modified_gmt":"2025-06-05T20:09:17","slug":"impressum","status":"publish","type":"page","link":"https:\/\/www.dj-catrin.de\/?page_id=137","title":{"rendered":"Impressum"},"content":{"rendered":"<p><strong>Name:<\/strong><br \/>\nCatrin G\u00f6ddertz<\/p>\n<p>Matthias-Werner-Str.49<\/p>\n<p>50226 Frechen<\/p>\n<p><strong>Telefon:<\/strong><br \/>\n0175 &#8211; 2725543<\/p>\n<p><strong>E-Mail:<\/strong><br \/>\n<a href=\"mailto:kontakt@dj-catrin.de\">kontakt@dj-catrin.de<\/a><\/p>\n<p><strong>Haftung:<\/strong><br \/>\nTrotz sorgf\u00e4ltiger inhaltlicher Kontrolle \u00fcbernehmen wir keine Haftung f\u00fcr die Inhalte externer Links. F\u00fcr den Inhalt der verlinkten Seiten sind ausschlie\u00dflich deren Betreiber verantwortlich. dj-catrin.de beh\u00e4lt sich das Recht vor, an den bereitgestellten Informationen \u00c4nderungen oder Erg\u00e4nzungen vorzunehmen.<\/p>\n<div id=\"contentRight_\">\n<p>Inhalt und dj-catrin.de sind urheberrechtlich gesch\u00fctzt. Die Vervielf\u00e4ltigung von Informationen oder Daten, insbesondere die Verwendung von Texten, Textteilen oder Bildmaterial bedarf der vorherigen Zustimmung durch dj-catrin.de<\/p>\n<\/div>\n","protected":false},"excerpt":{"rendered":"<p>Name: Catrin G\u00f6ddertz Matthias-Werner-Str.49 50226 Frechen Telefon: 0175 &#8211; 2725543 E-Mail: kontakt@dj-catrin.de Haftung: Trotz sorgf\u00e4ltiger inhaltlicher Kontrolle \u00fcbernehmen wir keine Haftung f\u00fcr die Inhalte externer Links. F\u00fcr den Inhalt der verlinkten Seiten sind ausschlie\u00dflich deren Betreiber verantwortlich. dj-catrin.de beh\u00e4lt sich das Recht vor, an den bereitgestellten Informationen \u00c4nderungen oder Erg\u00e4nzungen vorzunehmen. Inhalt und dj-catrin.de sind [&hellip;]<\/p>\n","protected":false},"author":2,"featured_media":0,"parent":0,"menu_order":9,"comment_status":"closed","ping_status":"open","template":"","meta":{"ngg_post_thumbnail":0,"footnotes":""},"class_list":["post-137","page","type-page","status-publish","hentry"],"_links":{"self":[{"href":"https:\/\/www.dj-catrin.de\/index.php?rest_route=\/wp\/v2\/pages\/137","targetHints":{"allow":["GET"]}}],"collection":[{"href":"https:\/\/www.dj-catrin.de\/index.php?rest_route=\/wp\/v2\/pages"}],"about":[{"href":"https:\/\/www.dj-catrin.de\/index.php?rest_route=\/wp\/v2\/types\/page"}],"author":[{"embeddable":true,"href":"https:\/\/www.dj-catrin.de\/index.php?rest_route=\/wp\/v2\/users\/2"}],"replies":[{"embeddable":true,"href":"https:\/\/www.dj-catrin.de\/index.php?rest_route=%2Fwp%2Fv2%2Fcomments&post=137"}],"version-history":[{"count":5,"href":"https:\/\/www.dj-catrin.de\/index.php?rest_route=\/wp\/v2\/pages\/137\/revisions"}],"predecessor-version":[{"id":966,"href":"https:\/\/www.dj-catrin.de\/index.php?rest_route=\/wp\/v2\/pages\/137\/revisions\/966"}],"wp:attachment":[{"href":"https:\/\/www.dj-catrin.de\/index.php?rest_route=%2Fwp%2Fv2%2Fmedia&parent=137"}],"curies":[{"name":"wp","href":"https:\/\/api.w.org\/{rel}","templated":true}]}}